{"id":9,"date":"2018-02-20T10:41:09","date_gmt":"2018-02-20T10:41:09","guid":{"rendered":"http:\/\/192.168.178.39\/wordpress\/?page_id=9"},"modified":"2018-04-02T15:14:43","modified_gmt":"2018-04-02T13:14:43","slug":"pressespiegel","status":"publish","type":"page","link":"https:\/\/segelclub-dillingerland.de\/index.php\/offizielles\/pressespiegel\/","title":{"rendered":"Pressespiegel"},"content":{"rendered":"<p>Pressemittteilung des Scdl (zur Zeit liegen keine Zeitungsartikel vor)<\/p>\n<h3>Aktuelle Berichte:<\/h3>\n\n<!-- NOTE: If you need to make changes to this file, copy it to your current theme's main\n\tdirectory so your changes won't be overwritten when the plugin is upgraded. -->\n\n<!-- Post Wrap Start-->\n<div class=\"post hentry ivycat-post\">\n\n\t<!-- \tThis outputs the post TITLE -->\n\t<h2 class=\"entry-title\"><a href=\"https:\/\/segelclub-dillingerland.de\/index.php\/2020\/05\/11\/es-geht-wieder-los\/\">Es geht wieder los!<\/a><\/h2>\n\n\t<!-- \tThis outputs the post EXCERPT.  To display full content including images and html,\n\t\treplace the_excerpt(); with the_content();  below. -->\n\t<div class=\"entry-summary\">\n\t\t<p>In Anlehnung an die Empfehlungen des BSV (Bayerischer Seglerverband), BLSV (Bayerischer Landessportverband und DSV (Deutscher Seglerverband) wurden die nachfolgenden Verhaltensregeln kritisch gepr\u00fcft und entsprechend an unsere Verh\u00e4ltnisse angepasst und\/oder erweitert. Diese gelten abdem 11.05.2020: 1.Es ist untersagt, sich in Gruppen auf dem Gel\u00e4nde aufzuhalten. 2.Es gelten die allgemeinen Verhaltensregeln bez\u00fcglich der Infektionspr\u00e4vention(u.a. 1,5Meter Abstand zu &hellip; <\/p>\n<p class=\"link-more\"><a href=\"https:\/\/segelclub-dillingerland.de\/index.php\/2020\/05\/11\/es-geht-wieder-los\/\" class=\"more-link\">Continue reading<span class=\"screen-reader-text\"> &#8220;Es geht wieder los!&#8221;<\/span><\/a><\/p>\n\t<\/div>\n\n\t<!--\tThis outputs the post META information -->\n\t<div class=\"entry-utility\">\n\t\t\t\t\t<span class=\"cat-links\">\n\t\t\t\t<span class=\"entry-utility-prep entry-utility-prep-cat-links\">Posted in<\/span> <a href=\"https:\/\/segelclub-dillingerland.de\/index.php\/category\/uncategorized\/\" rel=\"category tag\">Uncategorized<\/a>\t\t\t<\/span>\n\t\t\t<span class=\"meta-sep\">|<\/span>\n\t\t\t\t\t\t<span class=\"comments-link\">\n\t\t\t<a href=\"https:\/\/segelclub-dillingerland.de\/index.php\/2020\/05\/11\/es-geht-wieder-los\/#respond\">Leave a comment<\/a>\t\t<\/span>\n\t\t\t<\/div>\n<\/div>\n<!-- \/\/ Post Wrap End -->\n\n<!-- NOTE: If you need to make changes to this file, copy it to your current theme's main\n\tdirectory so your changes won't be overwritten when the plugin is upgraded. -->\n\n<!-- Post Wrap Start-->\n<div class=\"post hentry ivycat-post\">\n\n\t<!-- \tThis outputs the post TITLE -->\n\t<h2 class=\"entry-title\"><a href=\"https:\/\/segelclub-dillingerland.de\/index.php\/2020\/03\/20\/corona-verhaltensweise\/\">Corona Verhaltensweise<\/a><\/h2>\n\n\t<!-- \tThis outputs the post EXCERPT.  To display full content including images and html,\n\t\treplace the_excerpt(); with the_content();  below. -->\n\t<div class=\"entry-summary\">\n\t\t<p>Vorerst gelten folgende Verhaltensregeln: 1. Alle Vereinstermine sind vorerst bis zum 18.04. abgesagt. Der Lasercuplauf 2020 beim SCDL findet nicht statt. 2. Das Tor wird mit keinem weiteren Schloss versehen. Die DLRG muss im Alarmfall ungehindert auf unser Gel\u00e4nde kommen. 3. Es ist nur noch das absolut N\u00f6tigste auf dem Gel\u00e4nde zu erledigen. Am besten &hellip; <\/p>\n<p class=\"link-more\"><a href=\"https:\/\/segelclub-dillingerland.de\/index.php\/2020\/03\/20\/corona-verhaltensweise\/\" class=\"more-link\">Continue reading<span class=\"screen-reader-text\"> &#8220;Corona Verhaltensweise&#8221;<\/span><\/a><\/p>\n\t<\/div>\n\n\t<!--\tThis outputs the post META information -->\n\t<div class=\"entry-utility\">\n\t\t\t\t\t<span class=\"cat-links\">\n\t\t\t\t<span class=\"entry-utility-prep entry-utility-prep-cat-links\">Posted in<\/span> <a href=\"https:\/\/segelclub-dillingerland.de\/index.php\/category\/uncategorized\/\" rel=\"category tag\">Uncategorized<\/a>\t\t\t<\/span>\n\t\t\t<span class=\"meta-sep\">|<\/span>\n\t\t\t\t\t\t<span class=\"comments-link\">\n\t\t\t<a href=\"https:\/\/segelclub-dillingerland.de\/index.php\/2020\/03\/20\/corona-verhaltensweise\/#respond\">Leave a comment<\/a>\t\t<\/span>\n\t\t\t<\/div>\n<\/div>\n<!-- \/\/ Post Wrap End -->\n\n<!-- NOTE: If you need to make changes to this file, copy it to your current theme's main\n\tdirectory so your changes won't be overwritten when the plugin is upgraded. -->\n\n<!-- Post Wrap Start-->\n<div class=\"post hentry ivycat-post\">\n\n\t<!-- \tThis outputs the post TITLE -->\n\t<h2 class=\"entry-title\"><a href=\"https:\/\/segelclub-dillingerland.de\/index.php\/2020\/02\/07\/scdl-auf-der-wir-2020\/\">SCDL auf der WIR 2020<\/a><\/h2>\n\n\t<!-- \tThis outputs the post EXCERPT.  To display full content including images and html,\n\t\treplace the_excerpt(); with the_content();  below. -->\n\t<div class=\"entry-summary\">\n\t\t<p>Auch 2020 ist der SCDL wieder auf der Wir mit einem Stand vertreten. Es gibt Informationen zu den verschiedenen Segelscheinen, dem Vereinsleben und alle Kinder k\u00f6nnen Probesitzen in einem kleinen Segelboot. Bei den Segelscheinen erh\u00e4lt der SCDL Unterst\u00fctzung von der Segelschule Marx am Ammersee. Link zu Ausstellung: WIR 2020<\/p>\n\t<\/div>\n\n\t<!--\tThis outputs the post META information -->\n\t<div class=\"entry-utility\">\n\t\t\t\t\t<span class=\"cat-links\">\n\t\t\t\t<span class=\"entry-utility-prep entry-utility-prep-cat-links\">Posted in<\/span> <a href=\"https:\/\/segelclub-dillingerland.de\/index.php\/category\/uncategorized\/\" rel=\"category tag\">Uncategorized<\/a>\t\t\t<\/span>\n\t\t\t<span class=\"meta-sep\">|<\/span>\n\t\t\t\t\t\t<span class=\"comments-link\">\n\t\t\t<a href=\"https:\/\/segelclub-dillingerland.de\/index.php\/2020\/02\/07\/scdl-auf-der-wir-2020\/#respond\">Leave a comment<\/a>\t\t<\/span>\n\t\t\t<\/div>\n<\/div>\n<!-- \/\/ Post Wrap End -->\n\n<!-- NOTE: If you need to make changes to this file, copy it to your current theme's main\n\tdirectory so your changes won't be overwritten when the plugin is upgraded. -->\n\n<!-- Post Wrap Start-->\n<div class=\"post hentry ivycat-post\">\n\n\t<!-- \tThis outputs the post TITLE -->\n\t<h2 class=\"entry-title\"><a href=\"https:\/\/segelclub-dillingerland.de\/index.php\/2019\/09\/20\/get-2019\/\">GET 2019<\/a><\/h2>\n\n\t<!-- \tThis outputs the post EXCERPT.  To display full content including images and html,\n\t\treplace the_excerpt(); with the_content();  below. -->\n\t<div class=\"entry-summary\">\n\t\t<p>GET 2019: Tag 1 es geht los &#8230; Unsere erste Schicht ist startklar \ud83d\udcaa Bastelecke mit Segelboot-Bastelbogen ist aufgebaut, unser Optimist ist bereit zum Probe sitzen und zur St\u00e4rkung gibt\u00b4s Gummib\u00e4rchen \ud83d\ude0e\u26f5\ufe0f<\/p>\n\t<\/div>\n\n\t<!--\tThis outputs the post META information -->\n\t<div class=\"entry-utility\">\n\t\t\t\t\t<span class=\"cat-links\">\n\t\t\t\t<span class=\"entry-utility-prep entry-utility-prep-cat-links\">Posted in<\/span> <a href=\"https:\/\/segelclub-dillingerland.de\/index.php\/category\/uncategorized\/\" rel=\"category tag\">Uncategorized<\/a>\t\t\t<\/span>\n\t\t\t<span class=\"meta-sep\">|<\/span>\n\t\t\t\t\t\t<span class=\"comments-link\">\n\t\t\t<a href=\"https:\/\/segelclub-dillingerland.de\/index.php\/2019\/09\/20\/get-2019\/#respond\">Leave a comment<\/a>\t\t<\/span>\n\t\t\t<\/div>\n<\/div>\n<!-- \/\/ Post Wrap End -->\n\n<!-- NOTE: If you need to make changes to this file, copy it to your current theme's main\n\tdirectory so your changes won't be overwritten when the plugin is upgraded. -->\n\n<!-- Post Wrap Start-->\n<div class=\"post hentry ivycat-post\">\n\n\t<!-- \tThis outputs the post TITLE -->\n\t<h2 class=\"entry-title\"><a href=\"https:\/\/segelclub-dillingerland.de\/index.php\/2018\/08\/12\/kinderferienprogramm\/\">Kinderferienprogramm<\/a><\/h2>\n\n\t<!-- \tThis outputs the post EXCERPT.  To display full content including images and html,\n\t\treplace the_excerpt(); with the_content();  below. -->\n\t<div class=\"entry-summary\">\n\t\t<p>Viele kleine Kapit\u00e4ne beim Segelclub Dillinger Land Am Samstag, den 11.08.2018 veranstaltete der Segelclub Dillinger Land (SCDL) auf seinem Clubgel\u00e4nde am Wagersee bei Weisingen das diesj\u00e4hrige Kinderferienprogramm mit Schnuppersegeln. Insgesamt 34 Kinder, zwischen sieben und zw\u00f6lf Jahren, aus Gundelfingen, M\u00f6rslingen und Holzheim waren mit von der Partie und segelten \u00fcber den ganzen Tag verteilt in &hellip; <\/p>\n<p class=\"link-more\"><a href=\"https:\/\/segelclub-dillingerland.de\/index.php\/2018\/08\/12\/kinderferienprogramm\/\" class=\"more-link\">Continue reading<span class=\"screen-reader-text\"> &#8220;Kinderferienprogramm&#8221;<\/span><\/a><\/p>\n\t<\/div>\n\n\t<!--\tThis outputs the post META information -->\n\t<div class=\"entry-utility\">\n\t\t\t\t\t<span class=\"cat-links\">\n\t\t\t\t<span class=\"entry-utility-prep entry-utility-prep-cat-links\">Posted in<\/span> <a href=\"https:\/\/segelclub-dillingerland.de\/index.php\/category\/uncategorized\/\" rel=\"category tag\">Uncategorized<\/a>\t\t\t<\/span>\n\t\t\t<span class=\"meta-sep\">|<\/span>\n\t\t\t\t\t\t<span class=\"comments-link\">\n\t\t\t<a href=\"https:\/\/segelclub-dillingerland.de\/index.php\/2018\/08\/12\/kinderferienprogramm\/#respond\">Leave a comment<\/a>\t\t<\/span>\n\t\t\t<\/div>\n<\/div>\n<!-- \/\/ Post Wrap End -->\n\n<!-- NOTE: If you need to make changes to this file, copy it to your current theme's main\n\tdirectory so your changes won't be overwritten when the plugin is upgraded. -->\n\n<!-- Post Wrap Start-->\n<div class=\"post hentry ivycat-post\">\n\n\t<!-- \tThis outputs the post TITLE -->\n\t<h2 class=\"entry-title\"><a href=\"https:\/\/segelclub-dillingerland.de\/index.php\/2018\/05\/26\/seglerinfotag\/\">Seglerinfotag<\/a><\/h2>\n\n\t<!-- \tThis outputs the post EXCERPT.  To display full content including images and html,\n\t\treplace the_excerpt(); with the_content();  below. -->\n\t<div class=\"entry-summary\">\n\t\t<p>Am 09.Juni.2018 veranstalt der Segelclub-Dillingerland einen Infotag f\u00fcr alle Segelinteressierten. Wer Lust hat kann verbeischauen und auch mit Mitgliedern &#8220;Probesegeln&#8221;. Eine Anmeldung w\u00e4re toll, einfach eine kurze Email an &#x31;&#46;&#x56;&#111;&#x72;&#x73;t&#x61;&#110;&#x64;&#x40;s&#x65;&#103;&#x65;&#x6c;c&#x6c;&#117;&#x62;&#x2d;d&#x69;&#108;&#x6c;&#x69;n&#x67;&#101;&#x72;&#x6c;a&#x6e;&#100;&#x2e;&#x64;e<\/p>\n\t<\/div>\n\n\t<!--\tThis outputs the post META information -->\n\t<div class=\"entry-utility\">\n\t\t\t\t\t<span class=\"cat-links\">\n\t\t\t\t<span class=\"entry-utility-prep entry-utility-prep-cat-links\">Posted in<\/span> <a href=\"https:\/\/segelclub-dillingerland.de\/index.php\/category\/uncategorized\/\" rel=\"category tag\">Uncategorized<\/a>\t\t\t<\/span>\n\t\t\t<span class=\"meta-sep\">|<\/span>\n\t\t\t\t\t\t<span class=\"comments-link\">\n\t\t\t<a href=\"https:\/\/segelclub-dillingerland.de\/index.php\/2018\/05\/26\/seglerinfotag\/#respond\">Leave a comment<\/a>\t\t<\/span>\n\t\t\t<\/div>\n<\/div>\n<!-- \/\/ Post Wrap End -->\n\n<!-- NOTE: If you need to make changes to this file, copy it to your current theme's main\n\tdirectory so your changes won't be overwritten when the plugin is upgraded. -->\n\n<!-- Post Wrap Start-->\n<div class=\"post hentry ivycat-post\">\n\n\t<!-- \tThis outputs the post TITLE -->\n\t<h2 class=\"entry-title\"><a href=\"https:\/\/segelclub-dillingerland.de\/index.php\/2018\/03\/12\/neuer-internetauftritt\/\">Neuer Internetauftritt<\/a><\/h2>\n\n\t<!-- \tThis outputs the post EXCERPT.  To display full content including images and html,\n\t\treplace the_excerpt(); with the_content();  below. -->\n\t<div class=\"entry-summary\">\n\t\t<p>Der SCDL geht mit seinem neuen Internetauftritt online. Die Seiten wurden \u00fcberarbeitet. Es gibt wieder einen Internen-Bereich, der sich aber erst mit der Zeit f\u00fcllen wird.<\/p>\n\t<\/div>\n\n\t<!--\tThis outputs the post META information -->\n\t<div class=\"entry-utility\">\n\t\t\t\t\t<span class=\"cat-links\">\n\t\t\t\t<span class=\"entry-utility-prep entry-utility-prep-cat-links\">Posted in<\/span> <a href=\"https:\/\/segelclub-dillingerland.de\/index.php\/category\/uncategorized\/\" rel=\"category tag\">Uncategorized<\/a>\t\t\t<\/span>\n\t\t\t<span class=\"meta-sep\">|<\/span>\n\t\t\t\t\t\t<span class=\"comments-link\">\n\t\t\t<a href=\"https:\/\/segelclub-dillingerland.de\/index.php\/2018\/03\/12\/neuer-internetauftritt\/#respond\">Leave a comment<\/a>\t\t<\/span>\n\t\t\t<\/div>\n<\/div>\n<!-- \/\/ Post Wrap End -->\n\n<!-- NOTE: If you need to make changes to this file, copy it to your current theme's main\n\tdirectory so your changes won't be overwritten when the plugin is upgraded. -->\n\n<!-- Post Wrap Start-->\n<div class=\"post hentry ivycat-post\">\n\n\t<!-- \tThis outputs the post TITLE -->\n\t<h2 class=\"entry-title\"><a href=\"https:\/\/segelclub-dillingerland.de\/index.php\/2018\/03\/12\/scdl-auf-der-wir-2018\/\">SCDL auf der WIR 2018<\/a><\/h2>\n\n\t<!-- \tThis outputs the post EXCERPT.  To display full content including images and html,\n\t\treplace the_excerpt(); with the_content();  below. -->\n\t<div class=\"entry-summary\">\n\t\t<p>Der SCDL war auch 2018 wieder auf der Wir vertreten. Die Besucher konnten sich am Stand \u00fcber den Segelschein und den Verein informieren. Wie auch schon die letzten Male wurde eine Mitgliedschaft mit Segelschein-Ausblidung verlost.<\/p>\n\t<\/div>\n\n\t<!--\tThis outputs the post META information -->\n\t<div class=\"entry-utility\">\n\t\t\t\t\t<span class=\"cat-links\">\n\t\t\t\t<span class=\"entry-utility-prep entry-utility-prep-cat-links\">Posted in<\/span> <a href=\"https:\/\/segelclub-dillingerland.de\/index.php\/category\/uncategorized\/\" rel=\"category tag\">Uncategorized<\/a>\t\t\t<\/span>\n\t\t\t<span class=\"meta-sep\">|<\/span>\n\t\t\t\t\t\t<span class=\"comments-link\">\n\t\t\t<a href=\"https:\/\/segelclub-dillingerland.de\/index.php\/2018\/03\/12\/scdl-auf-der-wir-2018\/#respond\">Leave a comment<\/a>\t\t<\/span>\n\t\t\t<\/div>\n<\/div>\n<!-- \/\/ Post Wrap End -->\n\n","protected":false},"excerpt":{"rendered":"<p>Pressemittteilung des Scdl (zur Zeit liegen keine Zeitungsartikel vor) Aktuelle Berichte:<\/p>\n","protected":false},"author":1,"featured_media":0,"parent":22,"menu_order":0,"comment_status":"closed","ping_status":"closed","template":"","meta":{"ngg_post_thumbnail":0,"footnotes":""},"class_list":["post-9","page","type-page","status-publish","hentry"],"_links":{"self":[{"href":"https:\/\/segelclub-dillingerland.de\/index.php\/wp-json\/wp\/v2\/pages\/9","targetHints":{"allow":["GET"]}}],"collection":[{"href":"https:\/\/segelclub-dillingerland.de\/index.php\/wp-json\/wp\/v2\/pages"}],"about":[{"href":"https:\/\/segelclub-dillingerland.de\/index.php\/wp-json\/wp\/v2\/types\/page"}],"author":[{"embeddable":true,"href":"https:\/\/segelclub-dillingerland.de\/index.php\/wp-json\/wp\/v2\/users\/1"}],"replies":[{"embeddable":true,"href":"https:\/\/segelclub-dillingerland.de\/index.php\/wp-json\/wp\/v2\/comments?post=9"}],"version-history":[{"count":0,"href":"https:\/\/segelclub-dillingerland.de\/index.php\/wp-json\/wp\/v2\/pages\/9\/revisions"}],"up":[{"embeddable":true,"href":"https:\/\/segelclub-dillingerland.de\/index.php\/wp-json\/wp\/v2\/pages\/22"}],"wp:attachment":[{"href":"https:\/\/segelclub-dillingerland.de\/index.php\/wp-json\/wp\/v2\/media?parent=9"}],"curies":[{"name":"wp","href":"https:\/\/api.w.org\/{rel}","templated":true}]}}