{"id":8,"date":"2018-02-20T10:41:09","date_gmt":"2018-02-20T10:41:09","guid":{"rendered":"http:\/\/192.168.178.39\/wordpress\/?page_id=8"},"modified":"2025-01-15T11:14:26","modified_gmt":"2025-01-15T10:14:26","slug":"gruswort","status":"publish","type":"page","link":"https:\/\/segelclub-dillingerland.de\/index.php\/gruswort\/","title":{"rendered":"Gru\u00dfwort"},"content":{"rendered":"<p>F\u00fcr 2025 w\u00fcnsche ich uns allen eine windreiche und vor allem unfallfreie Segelsaison am Wagersee!&nbsp;<\/p>\n<p>Die Vorstandschaft l\u00e4dt auch dieses Jahr wieder zu zahlreichen Veranstaltungen f\u00fcr Gro\u00df und Klein ein.&nbsp;Dabei wird das sportliche Segeln, das gesellige Beisammensein und die Erholung vom Alltag im Mittelpunkt stehen. &#8220;Urlaub vor der Haust\u00fcr&#8221;, wie wir gerne zu sagen pflegen.&nbsp;<\/p>\n<p>Wir laden daher alle Mitglieder und ihre Familien ein, unser wundersch\u00f6nes Segeldomizil zu nutzen, unsere Veranstaltungen mit Leben zu f\u00fcllen und hei\u00dfen zugleich Neumitglieder, G\u00e4ste und Interessierte herzlich willkommen!&nbsp;<\/p>\n<p>Mast- und Schotbruch im Namen der gesamten Vorstandschaft!<\/p>\n<p>Tony Horsch, 1. Vorstand SCDL&nbsp;&nbsp;&nbsp;&nbsp;&nbsp;&nbsp;&nbsp;&nbsp;&nbsp;&nbsp;&nbsp;&nbsp;&nbsp;&nbsp;&nbsp;&nbsp;&nbsp;&nbsp;&nbsp;&nbsp;&nbsp;&nbsp;&nbsp;&nbsp;<\/p>\n<p><img loading=\"lazy\" decoding=\"async\" class=\"alignnone wp-image-914 size-medium\" src=\"https:\/\/segelclub-dillingerland.de\/wp-content\/uploads\/2025\/01\/308744649_6283762668307436_1013282337210463473_n-298x300.jpg\" alt=\"\" width=\"298\" height=\"300\" srcset=\"https:\/\/segelclub-dillingerland.de\/wp-content\/uploads\/2025\/01\/308744649_6283762668307436_1013282337210463473_n-298x300.jpg 298w, https:\/\/segelclub-dillingerland.de\/wp-content\/uploads\/2025\/01\/308744649_6283762668307436_1013282337210463473_n-150x150.jpg 150w, https:\/\/segelclub-dillingerland.de\/wp-content\/uploads\/2025\/01\/308744649_6283762668307436_1013282337210463473_n-768x773.jpg 768w, https:\/\/segelclub-dillingerland.de\/wp-content\/uploads\/2025\/01\/308744649_6283762668307436_1013282337210463473_n-100x100.jpg 100w, https:\/\/segelclub-dillingerland.de\/wp-content\/uploads\/2025\/01\/308744649_6283762668307436_1013282337210463473_n.jpg 954w\" sizes=\"auto, (max-width: 298px) 100vw, 298px\" \/><\/p>\n","protected":false},"excerpt":{"rendered":"<p>F\u00fcr 2025 w\u00fcnsche ich uns allen eine windreiche und vor allem unfallfreie Segelsaison am Wagersee!&nbsp; Die Vorstandschaft l\u00e4dt auch dieses Jahr wieder zu zahlreichen Veranstaltungen f\u00fcr Gro\u00df und Klein ein.&nbsp;Dabei wird das sportliche Segeln, das gesellige Beisammensein und die Erholung vom Alltag im Mittelpunkt stehen. &#8220;Urlaub vor der Haust\u00fcr&#8221;, wie wir gerne zu sagen pflegen.&nbsp; &hellip; <\/p>\n<p class=\"link-more\"><a href=\"https:\/\/segelclub-dillingerland.de\/index.php\/gruswort\/\" class=\"more-link\">Continue reading<span class=\"screen-reader-text\"> &#8220;Gru\u00dfwort&#8221;<\/span><\/a><\/p>\n","protected":false},"author":1,"featured_media":0,"parent":0,"menu_order":0,"comment_status":"closed","ping_status":"closed","template":"","meta":{"ngg_post_thumbnail":0,"footnotes":""},"class_list":["post-8","page","type-page","status-publish","hentry"],"_links":{"self":[{"href":"https:\/\/segelclub-dillingerland.de\/index.php\/wp-json\/wp\/v2\/pages\/8","targetHints":{"allow":["GET"]}}],"collection":[{"href":"https:\/\/segelclub-dillingerland.de\/index.php\/wp-json\/wp\/v2\/pages"}],"about":[{"href":"https:\/\/segelclub-dillingerland.de\/index.php\/wp-json\/wp\/v2\/types\/page"}],"author":[{"embeddable":true,"href":"https:\/\/segelclub-dillingerland.de\/index.php\/wp-json\/wp\/v2\/users\/1"}],"replies":[{"embeddable":true,"href":"https:\/\/segelclub-dillingerland.de\/index.php\/wp-json\/wp\/v2\/comments?post=8"}],"version-history":[{"count":0,"href":"https:\/\/segelclub-dillingerland.de\/index.php\/wp-json\/wp\/v2\/pages\/8\/revisions"}],"wp:attachment":[{"href":"https:\/\/segelclub-dillingerland.de\/index.php\/wp-json\/wp\/v2\/media?parent=8"}],"curies":[{"name":"wp","href":"https:\/\/api.w.org\/{rel}","templated":true}]}}