{"id":20,"date":"2018-02-20T10:41:16","date_gmt":"2018-02-20T10:41:16","guid":{"rendered":"http:\/\/192.168.178.39\/wordpress\/?page_id=20"},"modified":"2025-03-07T10:38:43","modified_gmt":"2025-03-07T09:38:43","slug":"links","status":"publish","type":"page","link":"https:\/\/segelclub-dillingerland.de\/index.php\/links\/","title":{"rendered":"Links"},"content":{"rendered":"<p>=&gt; <a href=\"http:\/\/fcgundelfingen.de\/\">FC Gundelfingen<\/a><\/p>\n<p>=&gt;&nbsp;<a href=\"http:\/\/www.scla.eu\/\">Segelclub Laupheim e.V.<\/a><\/p>\n<p>=&gt;&nbsp;<a href=\"https:\/\/www.sgs-gz.de\/\">Skipper Gilde Schwabe e.V. (G\u00fcnzburg)<\/a><\/p>\n<p>=&gt;&nbsp;<a href=\"http:\/\/www.bwsc-ev.de\/\">Bad W\u00f6rishofener Segelclub<\/a><\/p>\n<p>=&gt;&nbsp;<a href=\"http:\/\/www.mvw1926.de\/\">Marine Verein Wangen 1926 e.V.<\/a><\/p>\n<p>&nbsp;<br><a href=\"http:\/\/segelclub-dillingerland.de\/index.php\/impressum\/\">Impressum<\/a><br><a href=\"http:\/\/segelclub-dillingerland.de\/index.php\/disclaimer\/\">Disclaimer<\/a><br><a href=\"https:\/\/segelclub-dillingerland.de\/index.php\/datenschutzerklarung\/\">Datenschutzerkl\u00e4rung<\/a><\/p>\n<p>&nbsp;<\/p>\n<p><strong>SOCIAL MEDIA<\/strong><\/p>\n<p>ihr findet uns auf:<\/p>\n<p><img loading=\"lazy\" decoding=\"async\" class=\"image-preview__image image-preview__image--loaded\" src=\"https:\/\/studiokalisz.pl\/wp-content\/uploads\/2018\/11\/instagram-logo-png-transparent-background-1.png\" alt=\"instagram-logo-png-transparent-background-1 - ArtStudio\" width=\"41\" height=\"41\" data-v-e0ce9055=\"\" data-test-id=\"image-preview-image\"><\/p>\n<p><a href=\"https:\/\/www.instagram.com\/segelclub_dillinger_land\/\">https:\/\/www.instagram.com\/segelclub_dillinger_land\/<\/a><\/p>\n\n\n<figure class=\"wp-block-image size-full is-resized\"><img loading=\"lazy\" decoding=\"async\" width=\"384\" height=\"384\" src=\"https:\/\/segelclub-dillingerland.de\/wp-content\/uploads\/2025\/03\/image-1.png\" alt=\"\" class=\"wp-image-935\" style=\"width:44px;height:auto\" srcset=\"https:\/\/segelclub-dillingerland.de\/wp-content\/uploads\/2025\/03\/image-1.png 384w, https:\/\/segelclub-dillingerland.de\/wp-content\/uploads\/2025\/03\/image-1-300x300.png 300w, https:\/\/segelclub-dillingerland.de\/wp-content\/uploads\/2025\/03\/image-1-150x150.png 150w, https:\/\/segelclub-dillingerland.de\/wp-content\/uploads\/2025\/03\/image-1-100x100.png 100w\" sizes=\"auto, (max-width: 384px) 100vw, 384px\" \/><\/figure>\n\n\n\n<p> <a href=\"https:\/\/www.facebook.com\/profile.php?id=100057832945769\">https:\/\/www.facebook.com\/profile.php?id=100057832945769<\/a><\/p>\n\n\n\n<p><\/p>\n","protected":false},"excerpt":{"rendered":"<p>=&gt; FC Gundelfingen =&gt;&nbsp;Segelclub Laupheim e.V. =&gt;&nbsp;Skipper Gilde Schwabe e.V. (G\u00fcnzburg) =&gt;&nbsp;Bad W\u00f6rishofener Segelclub =&gt;&nbsp;Marine Verein Wangen 1926 e.V. &nbsp;ImpressumDisclaimerDatenschutzerkl\u00e4rung &nbsp; SOCIAL MEDIA ihr findet uns auf: https:\/\/www.instagram.com\/segelclub_dillinger_land\/ https:\/\/www.facebook.com\/profile.php?id=100057832945769<\/p>\n","protected":false},"author":1,"featured_media":0,"parent":0,"menu_order":0,"comment_status":"closed","ping_status":"closed","template":"","meta":{"ngg_post_thumbnail":0,"footnotes":""},"class_list":["post-20","page","type-page","status-publish","hentry"],"_links":{"self":[{"href":"https:\/\/segelclub-dillingerland.de\/index.php\/wp-json\/wp\/v2\/pages\/20","targetHints":{"allow":["GET"]}}],"collection":[{"href":"https:\/\/segelclub-dillingerland.de\/index.php\/wp-json\/wp\/v2\/pages"}],"about":[{"href":"https:\/\/segelclub-dillingerland.de\/index.php\/wp-json\/wp\/v2\/types\/page"}],"author":[{"embeddable":true,"href":"https:\/\/segelclub-dillingerland.de\/index.php\/wp-json\/wp\/v2\/users\/1"}],"replies":[{"embeddable":true,"href":"https:\/\/segelclub-dillingerland.de\/index.php\/wp-json\/wp\/v2\/comments?post=20"}],"version-history":[{"count":0,"href":"https:\/\/segelclub-dillingerland.de\/index.php\/wp-json\/wp\/v2\/pages\/20\/revisions"}],"wp:attachment":[{"href":"https:\/\/segelclub-dillingerland.de\/index.php\/wp-json\/wp\/v2\/media?parent=20"}],"curies":[{"name":"wp","href":"https:\/\/api.w.org\/{rel}","templated":true}]}}